{"id":233,"date":"2026-03-20T15:38:54","date_gmt":"2026-03-20T15:38:54","guid":{"rendered":"https:\/\/corkvalley.es\/?page_id=233"},"modified":"2026-04-28T22:09:16","modified_gmt":"2026-04-28T22:09:16","slug":"alojamiento","status":"publish","type":"page","link":"https:\/\/corkvalley.es\/?page_id=233","title":{"rendered":"Alojamientos"},"content":{"rendered":"\t\t<div data-elementor-type=\"wp-page\" data-elementor-id=\"233\" class=\"elementor elementor-233\" data-elementor-post-type=\"page\">\n\t\t\t\t<div class=\"elementor-element elementor-element-54c5d94 e-flex e-con-boxed e-con e-parent\" data-id=\"54c5d94\" data-element_type=\"container\" data-e-type=\"container\" data-settings=\"{&quot;background_background&quot;:&quot;classic&quot;}\">\n\t\t\t\t\t<div class=\"e-con-inner\">\n\t\t\t\t<div class=\"elementor-element elementor-element-053cb18 elementor-widget elementor-widget-spacer\" data-id=\"053cb18\" data-element_type=\"widget\" data-e-type=\"widget\" data-widget_type=\"spacer.default\">\n\t\t\t\t\t\t\t<div class=\"elementor-spacer\">\n\t\t\t<div class=\"elementor-spacer-inner\"><\/div>\n\t\t<\/div>\n\t\t\t\t\t\t<\/div>\n\t\t\t\t\t<\/div>\n\t\t\t\t<\/div>\n\t\t<div class=\"elementor-element elementor-element-50759fb e-flex e-con-boxed e-con e-parent\" data-id=\"50759fb\" data-element_type=\"container\" data-e-type=\"container\" data-settings=\"{&quot;background_background&quot;:&quot;classic&quot;}\">\n\t\t\t\t\t<div class=\"e-con-inner\">\n\t\t\t\t<div class=\"elementor-element elementor-element-fad53b4 elementor-widget elementor-widget-spacer\" data-id=\"fad53b4\" data-element_type=\"widget\" data-e-type=\"widget\" data-widget_type=\"spacer.default\">\n\t\t\t\t\t\t\t<div class=\"elementor-spacer\">\n\t\t\t<div class=\"elementor-spacer-inner\"><\/div>\n\t\t<\/div>\n\t\t\t\t\t\t<\/div>\n\t\t\t\t\t<\/div>\n\t\t\t\t<\/div>\n\t\t<div class=\"elementor-element elementor-element-084041c e-flex e-con-boxed e-con e-parent\" data-id=\"084041c\" data-element_type=\"container\" data-e-type=\"container\">\n\t\t\t\t\t<div class=\"e-con-inner\">\n\t\t\t\t<div class=\"elementor-element elementor-element-3ab251b elementor-widget elementor-widget-heading\" data-id=\"3ab251b\" data-element_type=\"widget\" data-e-type=\"widget\" data-widget_type=\"heading.default\">\n\t\t\t\t\t<h2 class=\"elementor-heading-title elementor-size-default\">Encuentra tu alojamiento ideal<\/h2>\t\t\t\t<\/div>\n\t\t\t\t<div class=\"elementor-element elementor-element-149ca82 elementor-widget elementor-widget-heading\" data-id=\"149ca82\" data-element_type=\"widget\" data-e-type=\"widget\" data-widget_type=\"heading.default\">\n\t\t\t\t\t<h2 class=\"elementor-heading-title elementor-size-default\">y reserva tu estancia en Cork Valley<\/h2>\t\t\t\t<\/div>\n\t\t\t\t\t<\/div>\n\t\t\t\t<\/div>\n\t\t<div class=\"elementor-element elementor-element-7d77491 e-flex e-con-boxed e-con e-parent\" data-id=\"7d77491\" data-element_type=\"container\" data-e-type=\"container\">\n\t\t\t\t\t<div class=\"e-con-inner\">\n\t\t\t\t<div class=\"elementor-element elementor-element-bcd05d4 elementor-widget elementor-widget-menu-anchor\" data-id=\"bcd05d4\" data-element_type=\"widget\" data-e-type=\"widget\" data-widget_type=\"menu-anchor.default\">\n\t\t\t\t\t\t\t<div class=\"elementor-menu-anchor\" id=\"PodHouses\"><\/div>\n\t\t\t\t\t\t<\/div>\n\t\t\t\t\t<\/div>\n\t\t\t\t<\/div>\n\t\t<div class=\"elementor-element elementor-element-ed8061f e-flex e-con-boxed e-con e-parent\" data-id=\"ed8061f\" data-element_type=\"container\" data-e-type=\"container\">\n\t\t\t\t\t<div class=\"e-con-inner\">\n\t\t<div class=\"elementor-element elementor-element-6b33ce4 e-con-full e-flex e-con e-child\" data-id=\"6b33ce4\" data-element_type=\"container\" data-e-type=\"container\">\n\t\t<div class=\"elementor-element elementor-element-9adc05b e-con-full e-flex e-con e-child\" data-id=\"9adc05b\" data-element_type=\"container\" data-e-type=\"container\">\n\t\t\t\t<div class=\"elementor-element elementor-element-e610883 elementor-widget elementor-widget-image\" data-id=\"e610883\" data-element_type=\"widget\" data-e-type=\"widget\" data-widget_type=\"image.default\">\n\t\t\t\t\t\t\t\t\t\t\t\t\t\t\t<img fetchpriority=\"high\" decoding=\"async\" width=\"800\" height=\"854\" src=\"https:\/\/corkvalley.es\/wp-content\/uploads\/2026\/03\/foto-dog-959x1024.png\" class=\"attachment-large size-large wp-image-240\" alt=\"\" srcset=\"https:\/\/corkvalley.es\/wp-content\/uploads\/2026\/03\/foto-dog-959x1024.png 959w, https:\/\/corkvalley.es\/wp-content\/uploads\/2026\/03\/foto-dog-281x300.png 281w, https:\/\/corkvalley.es\/wp-content\/uploads\/2026\/03\/foto-dog-768x820.png 768w, https:\/\/corkvalley.es\/wp-content\/uploads\/2026\/03\/foto-dog.png 961w\" sizes=\"(max-width: 800px) 100vw, 800px\" \/>\t\t\t\t\t\t\t\t\t\t\t\t\t\t\t<\/div>\n\t\t\t\t<\/div>\n\t\t<div class=\"elementor-element elementor-element-b9d0eba e-con-full e-flex e-con e-child\" data-id=\"b9d0eba\" data-element_type=\"container\" data-e-type=\"container\">\n\t\t\t\t<div class=\"elementor-element elementor-element-845639c elementor-widget elementor-widget-heading\" data-id=\"845639c\" data-element_type=\"widget\" data-e-type=\"widget\" data-widget_type=\"heading.default\">\n\t\t\t\t\t<h2 class=\"elementor-heading-title elementor-size-default\">Pod Houses<\/h2>\t\t\t\t<\/div>\n\t\t\t\t<div class=\"elementor-element elementor-element-d359807 elementor-widget elementor-widget-text-editor\" data-id=\"d359807\" data-element_type=\"widget\" data-e-type=\"widget\" data-widget_type=\"text-editor.default\">\n\t\t\t\t\t\t\t\t\t<p><strong>Caba\u00f1a de madera totalmente equipada y con unas vistas espectaculares de los Montes de Toledo. <\/strong><\/p><p>Si lo dese\u00e1is, ten\u00e9is todo el menaje imprescindible para hacer alguna comida o cena, con todos los electrodom\u00e9sticos necesarios (microondas, nevera, cafetera, placa de inducci\u00f3n y tostadora).<\/p>\t\t\t\t\t\t\t\t<\/div>\n\t\t\t\t<div class=\"elementor-element elementor-element-7db4019 elementor-widget elementor-widget-spacer\" data-id=\"7db4019\" data-element_type=\"widget\" data-e-type=\"widget\" data-widget_type=\"spacer.default\">\n\t\t\t\t\t\t\t<div class=\"elementor-spacer\">\n\t\t\t<div class=\"elementor-spacer-inner\"><\/div>\n\t\t<\/div>\n\t\t\t\t\t\t<\/div>\n\t\t\t\t<div class=\"elementor-element elementor-element-e5881dc elementor-align-left elementor-widget elementor-widget-button\" data-id=\"e5881dc\" data-element_type=\"widget\" data-e-type=\"widget\" data-widget_type=\"button.default\">\n\t\t\t\t\t\t\t\t\t\t<a class=\"elementor-button elementor-button-link elementor-size-sm\" href=\"#\">\n\t\t\t\t\t\t<span class=\"elementor-button-content-wrapper\">\n\t\t\t\t\t\t\t\t\t<span class=\"elementor-button-text\">Reservar ahora<\/span>\n\t\t\t\t\t<\/span>\n\t\t\t\t\t<\/a>\n\t\t\t\t\t\t\t\t<\/div>\n\t\t\t\t<\/div>\n\t\t\t\t<\/div>\n\t\t<div class=\"elementor-element elementor-element-88d121b e-con-full e-flex e-con e-child\" data-id=\"88d121b\" data-element_type=\"container\" data-e-type=\"container\">\n\t\t\t\t<div class=\"elementor-element elementor-element-dc2fee2 gallery-spacing-custom elementor-widget elementor-widget-image-gallery\" data-id=\"dc2fee2\" data-element_type=\"widget\" data-e-type=\"widget\" data-widget_type=\"image-gallery.default\">\n\t\t\t\t\t\t\t<div class=\"elementor-image-gallery\">\n\t\t\t<div id='gallery-1' class='gallery galleryid-233 gallery-columns-3 gallery-size-full'><figure class='gallery-item'>\n\t\t\t<div class='gallery-icon portrait'>\n\t\t\t\t<a data-elementor-open-lightbox=\"yes\" data-elementor-lightbox-slideshow=\"dc2fee2\" data-elementor-lightbox-title=\"ft01\" data-e-action-hash=\"#elementor-action%3Aaction%3Dlightbox%26settings%3DeyJpZCI6MjM5LCJ1cmwiOiJodHRwczpcL1wvY29ya3ZhbGxleS5lc1wvd3AtY29udGVudFwvdXBsb2Fkc1wvMjAyNlwvMDNcL2Z0MDEucG5nIiwic2xpZGVzaG93IjoiZGMyZmVlMiJ9\" href='https:\/\/corkvalley.es\/wp-content\/uploads\/2026\/03\/ft01.png'><img decoding=\"async\" width=\"618\" height=\"630\" src=\"https:\/\/corkvalley.es\/wp-content\/uploads\/2026\/03\/ft01.png\" class=\"attachment-full size-full\" alt=\"\" srcset=\"https:\/\/corkvalley.es\/wp-content\/uploads\/2026\/03\/ft01.png 618w, https:\/\/corkvalley.es\/wp-content\/uploads\/2026\/03\/ft01-294x300.png 294w\" sizes=\"(max-width: 618px) 100vw, 618px\" \/><\/a>\n\t\t\t<\/div><\/figure><figure class='gallery-item'>\n\t\t\t<div class='gallery-icon portrait'>\n\t\t\t\t<a data-elementor-open-lightbox=\"yes\" data-elementor-lightbox-slideshow=\"dc2fee2\" data-elementor-lightbox-title=\"ft2\" data-e-action-hash=\"#elementor-action%3Aaction%3Dlightbox%26settings%3DeyJpZCI6MjQyLCJ1cmwiOiJodHRwczpcL1wvY29ya3ZhbGxleS5lc1wvd3AtY29udGVudFwvdXBsb2Fkc1wvMjAyNlwvMDNcL2Z0Mi0xLnBuZyIsInNsaWRlc2hvdyI6ImRjMmZlZTIifQ%3D%3D\" href='https:\/\/corkvalley.es\/wp-content\/uploads\/2026\/03\/ft2-1.png'><img decoding=\"async\" width=\"615\" height=\"630\" src=\"https:\/\/corkvalley.es\/wp-content\/uploads\/2026\/03\/ft2-1.png\" class=\"attachment-full size-full\" alt=\"\" srcset=\"https:\/\/corkvalley.es\/wp-content\/uploads\/2026\/03\/ft2-1.png 615w, https:\/\/corkvalley.es\/wp-content\/uploads\/2026\/03\/ft2-1-293x300.png 293w\" sizes=\"(max-width: 615px) 100vw, 615px\" \/><\/a>\n\t\t\t<\/div><\/figure><figure class='gallery-item'>\n\t\t\t<div class='gallery-icon portrait'>\n\t\t\t\t<a data-elementor-open-lightbox=\"yes\" data-elementor-lightbox-slideshow=\"dc2fee2\" data-elementor-lightbox-title=\"ft3\" data-e-action-hash=\"#elementor-action%3Aaction%3Dlightbox%26settings%3DeyJpZCI6MjQ1LCJ1cmwiOiJodHRwczpcL1wvY29ya3ZhbGxleS5lc1wvd3AtY29udGVudFwvdXBsb2Fkc1wvMjAyNlwvMDNcL2Z0My5wbmciLCJzbGlkZXNob3ciOiJkYzJmZWUyIn0%3D\" href='https:\/\/corkvalley.es\/wp-content\/uploads\/2026\/03\/ft3.png'><img loading=\"lazy\" decoding=\"async\" width=\"612\" height=\"631\" src=\"https:\/\/corkvalley.es\/wp-content\/uploads\/2026\/03\/ft3.png\" class=\"attachment-full size-full\" alt=\"\" srcset=\"https:\/\/corkvalley.es\/wp-content\/uploads\/2026\/03\/ft3.png 612w, https:\/\/corkvalley.es\/wp-content\/uploads\/2026\/03\/ft3-291x300.png 291w\" sizes=\"(max-width: 612px) 100vw, 612px\" \/><\/a>\n\t\t\t<\/div><\/figure>\n\t\t<\/div>\n\t\t<\/div>\n\t\t\t\t\t\t<\/div>\n\t\t\t\t<\/div>\n\t\t\t\t\t<\/div>\n\t\t\t\t<\/div>\n\t\t<div class=\"elementor-element elementor-element-a755dde e-flex e-con-boxed e-con e-parent\" data-id=\"a755dde\" data-element_type=\"container\" data-e-type=\"container\">\n\t\t\t\t\t<div class=\"e-con-inner\">\n\t\t\t\t<div class=\"elementor-element elementor-element-9cc3f8c elementor-widget elementor-widget-menu-anchor\" data-id=\"9cc3f8c\" data-element_type=\"widget\" data-e-type=\"widget\" data-widget_type=\"menu-anchor.default\">\n\t\t\t\t\t\t\t<div class=\"elementor-menu-anchor\" id=\"CasasEspejo\"><\/div>\n\t\t\t\t\t\t<\/div>\n\t\t\t\t\t<\/div>\n\t\t\t\t<\/div>\n\t\t<div class=\"elementor-element elementor-element-d48d45b e-flex e-con-boxed e-con e-parent\" data-id=\"d48d45b\" data-element_type=\"container\" data-e-type=\"container\" data-settings=\"{&quot;background_background&quot;:&quot;classic&quot;}\">\n\t\t\t\t\t<div class=\"e-con-inner\">\n\t\t<div class=\"elementor-element elementor-element-60f3da0 e-con-full e-flex e-con e-child\" data-id=\"60f3da0\" data-element_type=\"container\" data-e-type=\"container\">\n\t\t<div class=\"elementor-element elementor-element-d0c3397 e-con-full e-flex e-con e-child\" data-id=\"d0c3397\" data-element_type=\"container\" data-e-type=\"container\">\n\t\t\t\t<div class=\"elementor-element elementor-element-934c207 elementor-widget elementor-widget-image\" data-id=\"934c207\" data-element_type=\"widget\" data-e-type=\"widget\" data-widget_type=\"image.default\">\n\t\t\t\t\t\t\t\t\t\t\t\t\t\t\t<img loading=\"lazy\" decoding=\"async\" width=\"800\" height=\"701\" src=\"https:\/\/corkvalley.es\/wp-content\/uploads\/2026\/03\/ImgDiv2-1024x897.png\" class=\"attachment-large size-large wp-image-246\" alt=\"\" srcset=\"https:\/\/corkvalley.es\/wp-content\/uploads\/2026\/03\/ImgDiv2-1024x897.png 1024w, https:\/\/corkvalley.es\/wp-content\/uploads\/2026\/03\/ImgDiv2-300x263.png 300w, https:\/\/corkvalley.es\/wp-content\/uploads\/2026\/03\/ImgDiv2-768x672.png 768w, https:\/\/corkvalley.es\/wp-content\/uploads\/2026\/03\/ImgDiv2.png 1270w\" sizes=\"(max-width: 800px) 100vw, 800px\" \/>\t\t\t\t\t\t\t\t\t\t\t\t\t\t\t<\/div>\n\t\t\t\t<\/div>\n\t\t<div class=\"elementor-element elementor-element-33a7669 e-con-full e-flex e-con e-child\" data-id=\"33a7669\" data-element_type=\"container\" data-e-type=\"container\">\n\t\t\t\t<div class=\"elementor-element elementor-element-f789d82 elementor-widget elementor-widget-heading\" data-id=\"f789d82\" data-element_type=\"widget\" data-e-type=\"widget\" data-widget_type=\"heading.default\">\n\t\t\t\t\t<h2 class=\"elementor-heading-title elementor-size-default\">Casas Espejo<\/h2>\t\t\t\t<\/div>\n\t\t\t\t<div class=\"elementor-element elementor-element-11ba816 elementor-widget elementor-widget-text-editor\" data-id=\"11ba816\" data-element_type=\"widget\" data-e-type=\"widget\" data-widget_type=\"text-editor.default\">\n\t\t\t\t\t\t\t\t\t<p><strong>\u00a1PROXIMAMENTE!<\/strong> Las Casas Espejo se ubican en un entorno natural y \u00fanicos de Cork Valley. Un lugar que ofrece el confort que se merece. Un alojamiento de lujo, con jacuzzi, cocina, y vistas a los Montes de Toledo.<\/p>\t\t\t\t\t\t\t\t<\/div>\n\t\t\t\t<div class=\"elementor-element elementor-element-cc421c6 elementor-widget elementor-widget-spacer\" data-id=\"cc421c6\" data-element_type=\"widget\" data-e-type=\"widget\" data-widget_type=\"spacer.default\">\n\t\t\t\t\t\t\t<div class=\"elementor-spacer\">\n\t\t\t<div class=\"elementor-spacer-inner\"><\/div>\n\t\t<\/div>\n\t\t\t\t\t\t<\/div>\n\t\t\t\t<div class=\"elementor-element elementor-element-3f1a42d elementor-align-left elementor-widget elementor-widget-button\" data-id=\"3f1a42d\" data-element_type=\"widget\" data-e-type=\"widget\" data-widget_type=\"button.default\">\n\t\t\t\t\t\t\t\t\t\t<a class=\"elementor-button elementor-button-link elementor-size-sm\" href=\"#\">\n\t\t\t\t\t\t<span class=\"elementor-button-content-wrapper\">\n\t\t\t\t\t\t\t\t\t<span class=\"elementor-button-text\">Reservar ahora<\/span>\n\t\t\t\t\t<\/span>\n\t\t\t\t\t<\/a>\n\t\t\t\t\t\t\t\t<\/div>\n\t\t\t\t<\/div>\n\t\t\t\t<\/div>\n\t\t<div class=\"elementor-element elementor-element-a3f0cea e-con-full e-flex e-con e-child\" data-id=\"a3f0cea\" data-element_type=\"container\" data-e-type=\"container\">\n\t\t\t\t<div class=\"elementor-element elementor-element-de8e0d6 gallery-spacing-custom elementor-widget elementor-widget-image-gallery\" data-id=\"de8e0d6\" data-element_type=\"widget\" data-e-type=\"widget\" data-widget_type=\"image-gallery.default\">\n\t\t\t\t\t\t\t<div class=\"elementor-image-gallery\">\n\t\t\t<div id='gallery-2' class='gallery galleryid-233 gallery-columns-3 gallery-size-full'><figure class='gallery-item'>\n\t\t\t<div class='gallery-icon portrait'>\n\t\t\t\t<a data-elementor-open-lightbox=\"yes\" data-elementor-lightbox-slideshow=\"de8e0d6\" data-elementor-lightbox-title=\"ftEsp1\" data-e-action-hash=\"#elementor-action%3Aaction%3Dlightbox%26settings%3DeyJpZCI6MjQzLCJ1cmwiOiJodHRwczpcL1wvY29ya3ZhbGxleS5lc1wvd3AtY29udGVudFwvdXBsb2Fkc1wvMjAyNlwvMDNcL2Z0RXNwMS5wbmciLCJzbGlkZXNob3ciOiJkZThlMGQ2In0%3D\" href='https:\/\/corkvalley.es\/wp-content\/uploads\/2026\/03\/ftEsp1.png'><img loading=\"lazy\" decoding=\"async\" width=\"607\" height=\"628\" src=\"https:\/\/corkvalley.es\/wp-content\/uploads\/2026\/03\/ftEsp1.png\" class=\"attachment-full size-full\" alt=\"\" srcset=\"https:\/\/corkvalley.es\/wp-content\/uploads\/2026\/03\/ftEsp1.png 607w, https:\/\/corkvalley.es\/wp-content\/uploads\/2026\/03\/ftEsp1-290x300.png 290w\" sizes=\"(max-width: 607px) 100vw, 607px\" \/><\/a>\n\t\t\t<\/div><\/figure><figure class='gallery-item'>\n\t\t\t<div class='gallery-icon portrait'>\n\t\t\t\t<a data-elementor-open-lightbox=\"yes\" data-elementor-lightbox-slideshow=\"de8e0d6\" data-elementor-lightbox-title=\"ftEsp2\" data-e-action-hash=\"#elementor-action%3Aaction%3Dlightbox%26settings%3DeyJpZCI6MjQ0LCJ1cmwiOiJodHRwczpcL1wvY29ya3ZhbGxleS5lc1wvd3AtY29udGVudFwvdXBsb2Fkc1wvMjAyNlwvMDNcL2Z0RXNwMi5wbmciLCJzbGlkZXNob3ciOiJkZThlMGQ2In0%3D\" href='https:\/\/corkvalley.es\/wp-content\/uploads\/2026\/03\/ftEsp2.png'><img loading=\"lazy\" decoding=\"async\" width=\"607\" height=\"628\" src=\"https:\/\/corkvalley.es\/wp-content\/uploads\/2026\/03\/ftEsp2.png\" class=\"attachment-full size-full\" alt=\"\" srcset=\"https:\/\/corkvalley.es\/wp-content\/uploads\/2026\/03\/ftEsp2.png 607w, https:\/\/corkvalley.es\/wp-content\/uploads\/2026\/03\/ftEsp2-290x300.png 290w\" sizes=\"(max-width: 607px) 100vw, 607px\" \/><\/a>\n\t\t\t<\/div><\/figure><figure class='gallery-item'>\n\t\t\t<div class='gallery-icon portrait'>\n\t\t\t\t<a data-elementor-open-lightbox=\"yes\" data-elementor-lightbox-slideshow=\"de8e0d6\" data-elementor-lightbox-title=\"ftEsp3\" data-e-action-hash=\"#elementor-action%3Aaction%3Dlightbox%26settings%3DeyJpZCI6MjQ3LCJ1cmwiOiJodHRwczpcL1wvY29ya3ZhbGxleS5lc1wvd3AtY29udGVudFwvdXBsb2Fkc1wvMjAyNlwvMDNcL2Z0RXNwMy5wbmciLCJzbGlkZXNob3ciOiJkZThlMGQ2In0%3D\" href='https:\/\/corkvalley.es\/wp-content\/uploads\/2026\/03\/ftEsp3.png'><img loading=\"lazy\" decoding=\"async\" width=\"607\" height=\"628\" src=\"https:\/\/corkvalley.es\/wp-content\/uploads\/2026\/03\/ftEsp3.png\" class=\"attachment-full size-full\" alt=\"\" srcset=\"https:\/\/corkvalley.es\/wp-content\/uploads\/2026\/03\/ftEsp3.png 607w, https:\/\/corkvalley.es\/wp-content\/uploads\/2026\/03\/ftEsp3-290x300.png 290w\" sizes=\"(max-width: 607px) 100vw, 607px\" \/><\/a>\n\t\t\t<\/div><\/figure>\n\t\t<\/div>\n\t\t<\/div>\n\t\t\t\t\t\t<\/div>\n\t\t\t\t<\/div>\n\t\t\t\t\t<\/div>\n\t\t\t\t<\/div>\n\t\t<div class=\"elementor-element elementor-element-1293ba1 elementor-hidden-mobile e-flex e-con-boxed e-con e-parent\" data-id=\"1293ba1\" data-element_type=\"container\" data-e-type=\"container\" data-settings=\"{&quot;background_background&quot;:&quot;classic&quot;}\">\n\t\t\t\t\t<div class=\"e-con-inner\">\n\t\t<div class=\"elementor-element elementor-element-eb1ce1f e-con-full e-flex e-con e-child\" data-id=\"eb1ce1f\" data-element_type=\"container\" data-e-type=\"container\">\n\t\t\t\t<div class=\"elementor-element elementor-element-27f14a6 elementor-widget elementor-widget-heading\" data-id=\"27f14a6\" data-element_type=\"widget\" data-e-type=\"widget\" data-widget_type=\"heading.default\">\n\t\t\t\t\t<h2 class=\"elementor-heading-title elementor-size-default\">Regala<\/h2>\t\t\t\t<\/div>\n\t\t\t\t<div class=\"elementor-element elementor-element-8b395f8 elementor-widget elementor-widget-heading\" data-id=\"8b395f8\" data-element_type=\"widget\" data-e-type=\"widget\" data-widget_type=\"heading.default\">\n\t\t\t\t\t<h2 class=\"elementor-heading-title elementor-size-default\">Experiencias<\/h2>\t\t\t\t<\/div>\n\t\t\t\t<div class=\"elementor-element elementor-element-2074807 elementor-widget-divider--view-line elementor-widget elementor-widget-divider\" data-id=\"2074807\" data-element_type=\"widget\" data-e-type=\"widget\" data-widget_type=\"divider.default\">\n\t\t\t\t\t\t\t<div class=\"elementor-divider\">\n\t\t\t<span class=\"elementor-divider-separator\">\n\t\t\t\t\t\t<\/span>\n\t\t<\/div>\n\t\t\t\t\t\t<\/div>\n\t\t\t\t<div class=\"elementor-element elementor-element-806743a elementor-widget elementor-widget-text-editor\" data-id=\"806743a\" data-element_type=\"widget\" data-e-type=\"widget\" data-widget_type=\"text-editor.default\">\n\t\t\t\t\t\t\t\t\t<p>Nada m\u00e1s. Una raz\u00f3n para ir.<br \/>Para alguien importante. Incluy\u00e9ndote a ti.<\/p>\t\t\t\t\t\t\t\t<\/div>\n\t\t\t\t<div class=\"elementor-element elementor-element-e14e62f elementor-align-center elementor-widget elementor-widget-button\" data-id=\"e14e62f\" data-element_type=\"widget\" data-e-type=\"widget\" data-widget_type=\"button.default\">\n\t\t\t\t\t\t\t\t\t\t<a class=\"elementor-button elementor-button-link elementor-size-sm\" href=\"#\">\n\t\t\t\t\t\t<span class=\"elementor-button-content-wrapper\">\n\t\t\t\t\t\t\t\t\t<span class=\"elementor-button-text\">Compra ahora +<\/span>\n\t\t\t\t\t<\/span>\n\t\t\t\t\t<\/a>\n\t\t\t\t\t\t\t\t<\/div>\n\t\t\t\t<\/div>\n\t\t<div class=\"elementor-element elementor-element-75429e5 e-con-full e-flex e-con e-child\" data-id=\"75429e5\" data-element_type=\"container\" data-e-type=\"container\">\n\t\t\t\t<div class=\"elementor-element elementor-element-711f547 elementor-widget elementor-widget-image\" data-id=\"711f547\" data-element_type=\"widget\" data-e-type=\"widget\" data-widget_type=\"image.default\">\n\t\t\t\t\t\t\t\t\t\t\t\t\t\t\t<img loading=\"lazy\" decoding=\"async\" width=\"800\" height=\"550\" src=\"https:\/\/corkvalley.es\/wp-content\/uploads\/2026\/03\/cartao-1024x704.png\" class=\"attachment-large size-large wp-image-73\" alt=\"\" srcset=\"https:\/\/corkvalley.es\/wp-content\/uploads\/2026\/03\/cartao-1024x704.png 1024w, https:\/\/corkvalley.es\/wp-content\/uploads\/2026\/03\/cartao-300x206.png 300w, https:\/\/corkvalley.es\/wp-content\/uploads\/2026\/03\/cartao-768x528.png 768w, https:\/\/corkvalley.es\/wp-content\/uploads\/2026\/03\/cartao.png 1037w\" sizes=\"(max-width: 800px) 100vw, 800px\" \/>\t\t\t\t\t\t\t\t\t\t\t\t\t\t\t<\/div>\n\t\t\t\t<\/div>\n\t\t\t\t\t<\/div>\n\t\t\t\t<\/div>\n\t\t<div class=\"elementor-element elementor-element-6d73d6b elementor-hidden-desktop elementor-hidden-tablet e-flex e-con-boxed e-con e-parent\" data-id=\"6d73d6b\" data-element_type=\"container\" data-e-type=\"container\" data-settings=\"{&quot;background_background&quot;:&quot;classic&quot;}\">\n\t\t\t\t\t<div class=\"e-con-inner\">\n\t\t<div class=\"elementor-element elementor-element-88e1d0c e-con-full e-flex e-con e-child\" data-id=\"88e1d0c\" data-element_type=\"container\" data-e-type=\"container\">\n\t\t\t\t<div class=\"elementor-element elementor-element-f96eb86 elementor-widget elementor-widget-image\" data-id=\"f96eb86\" data-element_type=\"widget\" data-e-type=\"widget\" data-widget_type=\"image.default\">\n\t\t\t\t\t\t\t\t\t\t\t\t\t\t\t<img loading=\"lazy\" decoding=\"async\" width=\"800\" height=\"550\" src=\"https:\/\/corkvalley.es\/wp-content\/uploads\/2026\/03\/cartao-1024x704.png\" class=\"attachment-large size-large wp-image-73\" alt=\"\" srcset=\"https:\/\/corkvalley.es\/wp-content\/uploads\/2026\/03\/cartao-1024x704.png 1024w, https:\/\/corkvalley.es\/wp-content\/uploads\/2026\/03\/cartao-300x206.png 300w, https:\/\/corkvalley.es\/wp-content\/uploads\/2026\/03\/cartao-768x528.png 768w, https:\/\/corkvalley.es\/wp-content\/uploads\/2026\/03\/cartao.png 1037w\" sizes=\"(max-width: 800px) 100vw, 800px\" \/>\t\t\t\t\t\t\t\t\t\t\t\t\t\t\t<\/div>\n\t\t\t\t<\/div>\n\t\t<div class=\"elementor-element elementor-element-1a3aa55 e-con-full e-flex e-con e-child\" data-id=\"1a3aa55\" data-element_type=\"container\" data-e-type=\"container\">\n\t\t\t\t<div class=\"elementor-element elementor-element-68dde79 elementor-widget elementor-widget-heading\" data-id=\"68dde79\" data-element_type=\"widget\" data-e-type=\"widget\" data-widget_type=\"heading.default\">\n\t\t\t\t\t<h2 class=\"elementor-heading-title elementor-size-default\">Regala<\/h2>\t\t\t\t<\/div>\n\t\t\t\t<div class=\"elementor-element elementor-element-16c9598 elementor-widget elementor-widget-heading\" data-id=\"16c9598\" data-element_type=\"widget\" data-e-type=\"widget\" data-widget_type=\"heading.default\">\n\t\t\t\t\t<h2 class=\"elementor-heading-title elementor-size-default\">Experiencias<\/h2>\t\t\t\t<\/div>\n\t\t\t\t<div class=\"elementor-element elementor-element-d5652c4 elementor-widget-divider--view-line elementor-widget elementor-widget-divider\" data-id=\"d5652c4\" data-element_type=\"widget\" data-e-type=\"widget\" data-widget_type=\"divider.default\">\n\t\t\t\t\t\t\t<div class=\"elementor-divider\">\n\t\t\t<span class=\"elementor-divider-separator\">\n\t\t\t\t\t\t<\/span>\n\t\t<\/div>\n\t\t\t\t\t\t<\/div>\n\t\t\t\t<div class=\"elementor-element elementor-element-76ee737 elementor-widget elementor-widget-text-editor\" data-id=\"76ee737\" data-element_type=\"widget\" data-e-type=\"widget\" data-widget_type=\"text-editor.default\">\n\t\t\t\t\t\t\t\t\t<p>Nada m\u00e1s. Una raz\u00f3n para ir.<br \/>Para alguien importante. Incluy\u00e9ndote a ti.<\/p>\t\t\t\t\t\t\t\t<\/div>\n\t\t\t\t<div class=\"elementor-element elementor-element-6b9bea2 elementor-align-center elementor-widget elementor-widget-button\" data-id=\"6b9bea2\" data-element_type=\"widget\" data-e-type=\"widget\" data-widget_type=\"button.default\">\n\t\t\t\t\t\t\t\t\t\t<a class=\"elementor-button elementor-button-link elementor-size-sm\" href=\"#\">\n\t\t\t\t\t\t<span class=\"elementor-button-content-wrapper\">\n\t\t\t\t\t\t\t\t\t<span class=\"elementor-button-text\">Compra ahora +<\/span>\n\t\t\t\t\t<\/span>\n\t\t\t\t\t<\/a>\n\t\t\t\t\t\t\t\t<\/div>\n\t\t\t\t<\/div>\n\t\t\t\t\t<\/div>\n\t\t\t\t<\/div>\n\t\t\t\t<\/div>\n\t\t","protected":false},"excerpt":{"rendered":"<p>Encuentra tu alojamiento ideal y reserva tu estancia en Cork Valley Pod Houses Caba\u00f1a de madera totalmente equipada y con unas vistas espectaculares de los Montes de Toledo. Si lo dese\u00e1is, ten\u00e9is todo el menaje imprescindible para hacer alguna comida o cena, con todos los electrodom\u00e9sticos necesarios (microondas, nevera, cafetera, placa de inducci\u00f3n y tostadora). [&hellip;]<\/p>\n","protected":false},"author":1,"featured_media":0,"parent":0,"menu_order":0,"comment_status":"closed","ping_status":"closed","template":"elementor_header_footer","meta":{"footnotes":""},"class_list":["post-233","page","type-page","status-publish","hentry"],"_links":{"self":[{"href":"https:\/\/corkvalley.es\/index.php?rest_route=\/wp\/v2\/pages\/233","targetHints":{"allow":["GET"]}}],"collection":[{"href":"https:\/\/corkvalley.es\/index.php?rest_route=\/wp\/v2\/pages"}],"about":[{"href":"https:\/\/corkvalley.es\/index.php?rest_route=\/wp\/v2\/types\/page"}],"author":[{"embeddable":true,"href":"https:\/\/corkvalley.es\/index.php?rest_route=\/wp\/v2\/users\/1"}],"replies":[{"embeddable":true,"href":"https:\/\/corkvalley.es\/index.php?rest_route=%2Fwp%2Fv2%2Fcomments&post=233"}],"version-history":[{"count":26,"href":"https:\/\/corkvalley.es\/index.php?rest_route=\/wp\/v2\/pages\/233\/revisions"}],"predecessor-version":[{"id":508,"href":"https:\/\/corkvalley.es\/index.php?rest_route=\/wp\/v2\/pages\/233\/revisions\/508"}],"wp:attachment":[{"href":"https:\/\/corkvalley.es\/index.php?rest_route=%2Fwp%2Fv2%2Fmedia&parent=233"}],"curies":[{"name":"wp","href":"https:\/\/api.w.org\/{rel}","templated":true}]}}